{"id":1619,"date":"2026-04-26T12:56:58","date_gmt":"2026-04-26T10:56:58","guid":{"rendered":"http:\/\/gsccbonn.de\/de\/vorstand\/"},"modified":"2026-04-26T14:20:51","modified_gmt":"2026-04-26T12:20:51","slug":"vorstand","status":"publish","type":"page","link":"https:\/\/gsccbonn.de\/de\/vorstand\/","title":{"rendered":"Vorstand"},"content":{"rendered":"\n<div class=\"wp-block-group alignfull gscc-hero is-layout-flow wp-block-group-is-layout-flow\">\n\n<div class=\"wp-block-group gscc-hero__inner is-layout-flow wp-block-group-is-layout-flow\">\n\n<p class=\"gscc-eyebrow\">Vorstand \u00b7 Eingetragener Verein<\/p>\n\n\n\n<h1 class=\"wp-block-heading\">Unser Vorstand<\/h1>\n\n\n\n<p class=\"gscc-hero__lead\">Der Golden Star Cricket Club Bonn ist ein eingetragener Verein (e.&nbsp;V.) \u2014 gef\u00fchrt von einem ehrenamtlichen Vorstand, gew\u00e4hlt durch die Mitgliederversammlung. Unsere Vorstandsmitglieder vertreten den Verein nach au\u00dfen und tragen die Verantwortung f\u00fcr sportliche, finanzielle und gesellschaftliche Entscheidungen.<\/p>\n\n<\/div>\n\n<\/div>\n\n\n\n<div class=\"gscc-board-grid\">\n\n<div class=\"gscc-board\">\n\t<div class=\"gscc-board__photo\">\n\t\t<img decoding=\"async\" src=\"https:\/\/gsccbonn.de\/wp-content\/uploads\/2026\/04\/gscc-player-nadeem-abbasi.png\" alt=\"Portr\u00e4t Nadeem Abbasi, 1. Vorsitzender GSCC Bonn\" loading=\"lazy\">\n\t<\/div>\n\t<div class=\"gscc-board__body\">\n\t\t<p class=\"gscc-board__role\">1. Vorsitzender<\/p>\n\t\t<h3 class=\"gscc-board__name\">Nadeem Abbasi<\/h3>\n\t\t<p class=\"gscc-board__bio\">Leitet den Verein und vertritt GSCC nach au\u00dfen \u2014 gegen\u00fcber WDCV, DCB, Sponsoren und der Bonner Sportverwaltung. Aktiv als Spieler im Verein seit vielen Jahren.<\/p>\n\t\t<p class=\"gscc-board__contact\"><a href=\"mailto:info@gsccbonn.de?subject=Vorstand%20%E2%80%93%20Nadeem%20Abbasi\">info@gsccbonn.de<\/a><\/p>\n\t<\/div>\n<\/div>\n\n<div class=\"gscc-board\">\n\t<div class=\"gscc-board__photo\">\n\t\t<img decoding=\"async\" src=\"https:\/\/gsccbonn.de\/wp-content\/uploads\/2026\/04\/gscc-player-imtiaz-sardar.png\" alt=\"Portr\u00e4t Imtiaz Sardar, Stellv. Vorsitzender GSCC Bonn\" loading=\"lazy\">\n\t<\/div>\n\t<div class=\"gscc-board__body\">\n\t\t<p class=\"gscc-board__role\">Stellv. Vorsitzender<\/p>\n\t\t<h3 class=\"gscc-board__name\">Imtiaz Sardar<\/h3>\n\t\t<p class=\"gscc-board__bio\">Stellvertretender Vorstand und Captain der A-Mannschaft in der Bundesliga NRW. Verantwortlich f\u00fcr sportliche Belange, Spielerentwicklung und Mannschaftsplanung.<\/p>\n\t\t<p class=\"gscc-board__contact\"><a href=\"mailto:info@gsccbonn.de?subject=Vorstand%20%E2%80%93%20Imtiaz%20Sardar\">info@gsccbonn.de<\/a><\/p>\n\t<\/div>\n<\/div>\n\n<div class=\"gscc-board\">\n\t<div class=\"gscc-board__photo\">\n\t\t<div class=\"gscc-board__initials\" aria-hidden=\"true\">FB<\/div>\n\t<\/div>\n\t<div class=\"gscc-board__body\">\n\t\t<p class=\"gscc-board__role\">Kassenwart<\/p>\n\t\t<h3 class=\"gscc-board__name\">Faisal Baig<\/h3>\n\t\t<p class=\"gscc-board__bio\">Verantwortlich f\u00fcr die Vereinsfinanzen \u2014 Mitgliedsbeitr\u00e4ge, Sponsoring-Einnahmen, Spendenbescheinigungen und die j\u00e4hrliche Kassenpr\u00fcfung gegen\u00fcber der Mitgliederversammlung.<\/p>\n\t\t<p class=\"gscc-board__contact\"><a href=\"mailto:info@gsccbonn.de?subject=Vorstand%20%E2%80%93%20Faisal%20Baig\">info@gsccbonn.de<\/a><\/p>\n\t<\/div>\n<\/div>\n\n<\/div>\n\n\n\n<p class=\"gscc-eyebrow\">Rechtliche Eckdaten<\/p>\n\n\n\n<h2 class=\"wp-block-heading\">Eingetragener Verein<\/h2>\n\n\n\n<div class=\"wp-block-group gscc-feature-grid is-layout-flow wp-block-group-is-layout-flow\">\n\n<div class=\"wp-block-group gscc-feature is-layout-flow wp-block-group-is-layout-flow\">\n<p class=\"gscc-eyebrow\">Vereinsregister<\/p>\n<h3 class=\"wp-block-heading\">Amtsgericht Bonn<\/h3>\n<p>Eingetragen im Vereinsregister des Amtsgerichts Bonn. Die genaue Registernummer findest du im <a href=\"\/impressum\/\">Impressum<\/a>.<\/p>\n<\/div>\n\n\n\n<div class=\"wp-block-group gscc-feature is-layout-flow wp-block-group-is-layout-flow\">\n<p class=\"gscc-eyebrow\">Vereinssitz<\/p>\n<h3 class=\"wp-block-heading\">Bonn<\/h3>\n<p>Volkerstr. 1, 53179 Bonn \u2014 Vereinssitz und Gesch\u00e4ftsadresse. Sportstandort: Cricket-Stadion Rheinaue.<\/p>\n<\/div>\n\n\n\n<div class=\"wp-block-group gscc-feature is-layout-flow wp-block-group-is-layout-flow\">\n<p class=\"gscc-eyebrow\">Gemeinn\u00fctzigkeit<\/p>\n<h3 class=\"wp-block-heading\">Steuerlich anerkannt<\/h3>\n<p>Als gemeinn\u00fctziger e.&nbsp;V. stellen wir Spendenbescheinigungen aus. Beitr\u00e4ge und Spenden sind steuerlich absetzbar.<\/p>\n<\/div>\n\n\n\n<div class=\"wp-block-group gscc-feature is-layout-flow wp-block-group-is-layout-flow\">\n<p class=\"gscc-eyebrow\">Mitgliedschaft<\/p>\n<h3 class=\"wp-block-heading\">DCB &amp; WDCV<\/h3>\n<p>Aktives Mitglied im Deutschen Cricket Bund (DCB) und im Westdeutschen Cricket Verband (WDCV) seit 2006.<\/p>\n<\/div>\n\n<\/div>\n\n\n\n<div class=\"wp-block-group gscc-callout is-layout-flow wp-block-group-is-layout-flow\">\n\n<p class=\"gscc-eyebrow\">Mitgliederversammlung<\/p>\n\n\n\n<p>Der Vorstand wird j\u00e4hrlich durch die Mitgliederversammlung gew\u00e4hlt. Alle aktiven Mitglieder sind stimmberechtigt. Termin und Tagesordnung der n\u00e4chsten Versammlung werden rechtzeitig per E-Mail an alle Mitglieder kommuniziert. Antr\u00e4ge k\u00f6nnen mindestens zwei Wochen vor der Versammlung eingereicht werden.<\/p>\n\n<\/div>\n\n\n\n<div class=\"wp-block-group alignfull gscc-cta-band is-layout-flow wp-block-group-is-layout-flow\">\n\n<div class=\"wp-block-group gscc-cta-band__inner is-layout-flow wp-block-group-is-layout-flow\">\n\n<p class=\"gscc-eyebrow\">Vorstand kontaktieren<\/p>\n\n\n\n<h2 class=\"wp-block-heading\">Fragen an den Vorstand?<\/h2>\n\n\n\n<p>Mitgliedschaft, Sponsoring, Presse oder Vereinsangelegenheiten \u2014 schreib uns. Wir antworten innerhalb von zwei Werktagen.<\/p>\n\n\n\n<div class=\"wp-block-buttons is-layout-flex wp-block-buttons-is-layout-flex\">\n<div class=\"wp-block-button\"><a class=\"wp-block-button__link wp-element-button\" href=\"mailto:info@gsccbonn.de?subject=Vorstand\">E-Mail an den Vorstand<\/a><\/div>\n\n\n<div class=\"wp-block-button is-style-outline is-style-outline--1\"><a class=\"wp-block-button__link wp-element-button\" href=\"\/kontakt\/\">Kontaktformular<\/a><\/div>\n<\/div>\n\n<\/div>\n\n<\/div>\n","protected":false},"excerpt":{"rendered":"<p>Vorstand \u00b7 Eingetragener Verein Unser Vorstand Der Golden Star Cricket Club Bonn ist ein eingetragener Verein (e.&nbsp;V.) \u2014 gef\u00fchrt von [&hellip;]<\/p>\n","protected":false},"author":0,"featured_media":0,"parent":0,"menu_order":3,"comment_status":"closed","ping_status":"closed","template":"","meta":{"site-sidebar-layout":"default","site-content-layout":"","ast-site-content-layout":"default","site-content-style":"default","site-sidebar-style":"default","ast-global-header-display":"","ast-banner-title-visibility":"","ast-main-header-display":"","ast-hfb-above-header-display":"","ast-hfb-below-header-display":"","ast-hfb-mobile-header-display":"","site-post-title":"","ast-breadcrumbs-content":"","ast-featured-img":"","footer-sml-layout":"","ast-disable-related-posts":"","theme-transparent-header-meta":"","adv-header-id-meta":"","stick-header-meta":"","header-above-stick-meta":"","header-main-stick-meta":"","header-below-stick-meta":"","astra-migrate-meta-layouts":"default","ast-page-background-enabled":"default","ast-page-background-meta":{"desktop":{"background-color":"var(--ast-global-color-4)","background-image":"","background-repeat":"repeat","background-position":"center center","background-size":"auto","background-attachment":"scroll","background-type":"","background-media":"","overlay-type":"","overlay-color":"","overlay-opacity":"","overlay-gradient":""},"tablet":{"background-color":"","background-image":"","background-repeat":"repeat","background-position":"center center","background-size":"auto","background-attachment":"scroll","background-type":"","background-media":"","overlay-type":"","overlay-color":"","overlay-opacity":"","overlay-gradient":""},"mobile":{"background-color":"","background-image":"","background-repeat":"repeat","background-position":"center center","background-size":"auto","background-attachment":"scroll","background-type":"","background-media":"","overlay-type":"","overlay-color":"","overlay-opacity":"","overlay-gradient":""}},"ast-content-background-meta":{"desktop":{"background-color":"var(--ast-global-color-5)","background-image":"","background-repeat":"repeat","background-position":"center center","background-size":"auto","background-attachment":"scroll","background-type":"","background-media":"","overlay-type":"","overlay-color":"","overlay-opacity":"","overlay-gradient":""},"tablet":{"background-color":"var(--ast-global-color-5)","background-image":"","background-repeat":"repeat","background-position":"center center","background-size":"auto","background-attachment":"scroll","background-type":"","background-media":"","overlay-type":"","overlay-color":"","overlay-opacity":"","overlay-gradient":""},"mobile":{"background-color":"var(--ast-global-color-5)","background-image":"","background-repeat":"repeat","background-position":"center center","background-size":"auto","background-attachment":"scroll","background-type":"","background-media":"","overlay-type":"","overlay-color":"","overlay-opacity":"","overlay-gradient":""}},"footnotes":""},"class_list":["post-1619","page","type-page","status-publish","hentry"],"_links":{"self":[{"href":"https:\/\/gsccbonn.de\/de\/wp-json\/wp\/v2\/pages\/1619","targetHints":{"allow":["GET"]}}],"collection":[{"href":"https:\/\/gsccbonn.de\/de\/wp-json\/wp\/v2\/pages"}],"about":[{"href":"https:\/\/gsccbonn.de\/de\/wp-json\/wp\/v2\/types\/page"}],"replies":[{"embeddable":true,"href":"https:\/\/gsccbonn.de\/de\/wp-json\/wp\/v2\/comments?post=1619"}],"version-history":[{"count":1,"href":"https:\/\/gsccbonn.de\/de\/wp-json\/wp\/v2\/pages\/1619\/revisions"}],"predecessor-version":[{"id":1643,"href":"https:\/\/gsccbonn.de\/de\/wp-json\/wp\/v2\/pages\/1619\/revisions\/1643"}],"wp:attachment":[{"href":"https:\/\/gsccbonn.de\/de\/wp-json\/wp\/v2\/media?parent=1619"}],"curies":[{"name":"wp","href":"https:\/\/api.w.org\/{rel}","templated":true}]}}